{"id":401,"date":"2017-04-04T12:54:09","date_gmt":"2017-04-04T12:54:09","guid":{"rendered":"http:\/\/ascot.de\/cart-2\/"},"modified":"2026-01-06T10:34:24","modified_gmt":"2026-01-06T10:34:24","slug":"cart","status":"publish","type":"page","link":"https:\/\/ascot.de\/en\/cart\/","title":{"rendered":"Warenkorb"},"content":{"rendered":"<div class=\"woocommerce-info\" role=\"alert\">Liebe Kundinnen und Kunden,<br \/>\nVielen herzlichen Dank f\u00fcr Ihre Bestellung.Wir versenden die Ware so schnell, wie m\u00f6glich.<\/p>\n<p>Mit herzlichen Gr\u00fc\u00dfen<br \/>\nIhr ASCOT Team<\/p>\n<\/div>\n\n","protected":false},"excerpt":{"rendered":"<p>Liebe Kundinnen und Kunden, Vielen herzlichen Dank f\u00fcr Ihre Bestellung.Wir versenden die Ware so schnell, wie m\u00f6glich. Mit herzlichen Gr\u00fc\u00dfen Ihr ASCOT Team<\/p>\n","protected":false},"author":11,"featured_media":0,"parent":0,"menu_order":0,"comment_status":"closed","ping_status":"closed","template":"","meta":{"_acf_changed":false,"footnotes":""},"class_list":["post-401","page","type-page","status-publish","hentry"],"acf":[],"_links":{"self":[{"href":"https:\/\/ascot.de\/en\/wp-json\/wp\/v2\/pages\/401","targetHints":{"allow":["GET"]}}],"collection":[{"href":"https:\/\/ascot.de\/en\/wp-json\/wp\/v2\/pages"}],"about":[{"href":"https:\/\/ascot.de\/en\/wp-json\/wp\/v2\/types\/page"}],"author":[{"embeddable":true,"href":"https:\/\/ascot.de\/en\/wp-json\/wp\/v2\/users\/11"}],"replies":[{"embeddable":true,"href":"https:\/\/ascot.de\/en\/wp-json\/wp\/v2\/comments?post=401"}],"version-history":[{"count":4,"href":"https:\/\/ascot.de\/en\/wp-json\/wp\/v2\/pages\/401\/revisions"}],"predecessor-version":[{"id":16658,"href":"https:\/\/ascot.de\/en\/wp-json\/wp\/v2\/pages\/401\/revisions\/16658"}],"wp:attachment":[{"href":"https:\/\/ascot.de\/en\/wp-json\/wp\/v2\/media?parent=401"}],"curies":[{"name":"wp","href":"https:\/\/api.w.org\/{rel}","templated":true}]}}