{"id":11896,"date":"2020-12-09T11:55:12","date_gmt":"2020-12-09T11:55:12","guid":{"rendered":"https:\/\/ascot.de\/product\/schal-kaschmir-royal-stewart-streifen-rot-schwarz-gruen\/"},"modified":"2025-12-17T15:40:11","modified_gmt":"2025-12-17T15:40:11","slug":"schal-kaschmir-royal-stewart-streifen-rot-schwarz-gruen","status":"publish","type":"product","link":"https:\/\/ascot.de\/en\/product\/schal-kaschmir-royal-stewart-streifen-rot-schwarz-gruen\/","title":{"rendered":"Schal Kaschmir  rot &#8211; schwarz &#8211; gr\u00fcn Royal Stewart Streifen"},"content":{"rendered":"<p>Modische Kaschmir-Schals sind perfekt, um jedem Outfit das gewisse Extra zu verleihen. Ein Schal aus Kaschmir Wolle ist weich und leicht und bietet ein angenehmes Tragegef\u00fchl. In den Hochebenen des Himalaya liegt der Ursprung der Kaschmir Wolle. Auf einer H\u00f6he\u00a0 von 4000 Metern brauchen die Ziegen ein Fell mit langen und sehr w\u00e4rmenden Haaren. Jede Ziege produziert nur 100 -160 g Kaschmirwolle im Jahr. Diesem Tier verdanken wir diese au\u00dferordentliche weiche und w\u00e4rmende Wolle.<\/p>\n","protected":false},"excerpt":{"rendered":"<p>100% Kaschmir<br \/>\nca. 30 x 180cm<br \/>\nGedrehte Fransen<br \/>\nAscot Webetikett<\/p>\n","protected":false},"featured_media":11081,"comment_status":"closed","ping_status":"closed","template":"","meta":{"_acf_changed":false},"product_brand":[],"product_cat":[402,415,403],"product_tag":[],"class_list":{"0":"post-11896","1":"product","2":"type-product","3":"status-publish","4":"has-post-thumbnail","6":"product_cat-ascot-online-shop-en","7":"product_cat-kaschmirschals-en","8":"product_cat-schals_online_kaufen-en","10":"first","11":"outofstock","12":"taxable","13":"shipping-taxable","14":"purchasable","15":"product-type-simple"},"acf":[],"_links":{"self":[{"href":"https:\/\/ascot.de\/en\/wp-json\/wp\/v2\/product\/11896","targetHints":{"allow":["GET"]}}],"collection":[{"href":"https:\/\/ascot.de\/en\/wp-json\/wp\/v2\/product"}],"about":[{"href":"https:\/\/ascot.de\/en\/wp-json\/wp\/v2\/types\/product"}],"replies":[{"embeddable":true,"href":"https:\/\/ascot.de\/en\/wp-json\/wp\/v2\/comments?post=11896"}],"wp:featuredmedia":[{"embeddable":true,"href":"https:\/\/ascot.de\/en\/wp-json\/wp\/v2\/media\/11081"}],"wp:attachment":[{"href":"https:\/\/ascot.de\/en\/wp-json\/wp\/v2\/media?parent=11896"}],"wp:term":[{"taxonomy":"product_brand","embeddable":true,"href":"https:\/\/ascot.de\/en\/wp-json\/wp\/v2\/product_brand?post=11896"},{"taxonomy":"product_cat","embeddable":true,"href":"https:\/\/ascot.de\/en\/wp-json\/wp\/v2\/product_cat?post=11896"},{"taxonomy":"product_tag","embeddable":true,"href":"https:\/\/ascot.de\/en\/wp-json\/wp\/v2\/product_tag?post=11896"}],"curies":[{"name":"wp","href":"https:\/\/api.w.org\/{rel}","templated":true}]}}