{"id":11998,"date":"2018-11-22T07:42:39","date_gmt":"2018-11-22T07:42:39","guid":{"rendered":"https:\/\/ascot.de\/product\/schleife-uni-baumwollpique-zum-selberbinden-weiss-2\/"},"modified":"2025-07-02T07:32:32","modified_gmt":"2025-07-02T07:32:32","slug":"schleife-uni-baumwollpique-zum-selberbinden-weiss-2","status":"publish","type":"product","link":"https:\/\/ascot.de\/en\/product\/schleife-uni-baumwollpique-zum-selberbinden-weiss-2\/","title":{"rendered":"Schleife Uni Baumwollpiqu\u00e9 zum Selberbinden &#8211; wei\u00df"},"content":{"rendered":"","protected":false},"excerpt":{"rendered":"<p>100% Baumwollpiqu\u00e9<br \/>\nSchleife zum Selberbinden<br \/>\ngerader Abschlu\u00df<br \/>\nca. 6cm breit<br \/>\nHalsweite durch Haken in 1cm Schritten von 36 &#8211; 46cm verstellbar<br \/>\nAnleitung zum Binden auf der R\u00fcckseite der Verpackung<\/p>\n","protected":false},"featured_media":6779,"comment_status":"open","ping_status":"closed","template":"","meta":{"_acf_changed":false},"product_brand":[],"product_cat":[402,482],"product_tag":[],"class_list":{"0":"post-11998","1":"product","2":"type-product","3":"status-publish","4":"has-post-thumbnail","6":"product_cat-ascot-online-shop-en","7":"product_cat-samtschleifen-en","9":"first","10":"instock","11":"taxable","12":"shipping-taxable","13":"purchasable","14":"product-type-simple"},"acf":[],"_links":{"self":[{"href":"https:\/\/ascot.de\/en\/wp-json\/wp\/v2\/product\/11998","targetHints":{"allow":["GET"]}}],"collection":[{"href":"https:\/\/ascot.de\/en\/wp-json\/wp\/v2\/product"}],"about":[{"href":"https:\/\/ascot.de\/en\/wp-json\/wp\/v2\/types\/product"}],"replies":[{"embeddable":true,"href":"https:\/\/ascot.de\/en\/wp-json\/wp\/v2\/comments?post=11998"}],"wp:featuredmedia":[{"embeddable":true,"href":"https:\/\/ascot.de\/en\/wp-json\/wp\/v2\/media\/6779"}],"wp:attachment":[{"href":"https:\/\/ascot.de\/en\/wp-json\/wp\/v2\/media?parent=11998"}],"wp:term":[{"taxonomy":"product_brand","embeddable":true,"href":"https:\/\/ascot.de\/en\/wp-json\/wp\/v2\/product_brand?post=11998"},{"taxonomy":"product_cat","embeddable":true,"href":"https:\/\/ascot.de\/en\/wp-json\/wp\/v2\/product_cat?post=11998"},{"taxonomy":"product_tag","embeddable":true,"href":"https:\/\/ascot.de\/en\/wp-json\/wp\/v2\/product_tag?post=11998"}],"curies":[{"name":"wp","href":"https:\/\/api.w.org\/{rel}","templated":true}]}}